{"id":19,"date":"2022-06-27T07:15:24","date_gmt":"2022-06-27T07:15:24","guid":{"rendered":"https:\/\/toenisvorster-hilfe.ponten-weber.de\/?page_id=19"},"modified":"2023-08-29T10:09:21","modified_gmt":"2023-08-29T10:09:21","slug":"ueber-uns","status":"publish","type":"page","link":"https:\/\/www.toenisvorster-hilfe.de\/?page_id=19","title":{"rendered":"\u00dcber uns"},"content":{"rendered":"\n<p>Die Geschichte der T\u00f6nisvorster Hilfe:<\/p>\n\n\n\n<h2 class=\"wp-block-heading\">2009 &#8211; Initiative &#8222;Lebensmittel f\u00fcr Bed\u00fcrftige&#8220;<\/h2>\n\n\n\n<p>Die Initiatoren f\u00fcr ein Projekt \u201eLebensmittel f\u00fcr Bed\u00fcrftige\u201c, Reinhard Bismanns und J\u00fcrgen Beyer waren sich einig in der Beurteilung der Situation von Arbeitslosen und alter Menschen. Beide haben bereits einschl\u00e4gige Erfahrungen durch ehrenamtliche Arbeit gemacht und waren \u00fcberzeugt von der Notwendigkeit einer Lebensmittelhilfe f\u00fcr Bed\u00fcrftige.<\/p>\n\n\n\n<h2 class=\"wp-block-heading\">2010 &#8211; Widerstand und viele offene Fragen<\/h2>\n\n\n\n<p>Wenn auch der Widerstand bei den Institutionen sp\u00fcrbar war, &#8222;es gibt keine Bed\u00fcrftigen in T\u00f6nisvorst&#8220;, wurde das Projekt unverdrossen vorangetrieben.<\/p>\n\n\n\n<p>Da waren viele Fragen<br>&#8211; Wie kann die Hilfe organisiert werden?<br>&#8211; Woher bekommen wir Lebensmittel, was f\u00fcr Lebensmittel m\u00fcssen das sein?<br>&#8211; Wo k\u00f6nnen wir die Lebensmittel ausgeben?<br>&#8211; Wer ist bed\u00fcrftig?<\/p>\n\n\n\n<p>Die Frage nach der Beschaffung von Lebensmitteln konnte \u00fcber Kontakte der beiden nach Krefeld beantwortet werden. Der Vorsitzende der Krefelder Tafel und seine Stellvertreterin haben Hilfe in Organisation und Lebensmittellieferungen angeboten. Mehrere Gespr\u00e4che waren n\u00f6tig um Klarheit \u00fcber die Organisation zu gewinnen. Es wurde Kontakte zu weiteren Tafelvereinen in der Umgebung aufgenommen. Aus diesen Gespr\u00e4chen wurden die entscheidenden Schl\u00fcsse gezogen. Nichts sollte dem Zufall \u00fcberlassen werden. <\/p>\n\n\n\n<h2 class=\"wp-block-heading\">2011 &#8211; Gr\u00fcndung der T\u00f6nisvorster Hilfe<\/h2>\n\n\n\n<p>Ben\u00f6tigt wurden viele Helfer f\u00fcr das Einsammeln als auch die Ausgabe von Lebensmitteln. Diese konnten zun\u00e4chst aus dem pers\u00f6nlichen Umfeld der Initiatoren gewonnen werden, sp\u00e4ter kamen durch die \u00d6ffentlichkeitsarbeit weitere hinzu. Aus diesen wurden f\u00fcnf Teams gebildet, die abwechselnd die Lebensmittelausgabe bew\u00e4ltigen.<\/p>\n\n\n\n<p>Die Beschaffung der Lebensmittel wurde durch die Grundversorgung von der Krefelder Tafel gesichert. Auch hier kamen durch die \u00d6ffentlichkeitsarbeit nach und nach die Landwirte und Bauern aus der Umgebung, B\u00e4cker, Metzger, Gem\u00fcseh\u00e4ndler und ein Markendiscounter hinzu.<\/p>\n\n\n\n<p>Parallel zur Kl\u00e4rung all dieser Voraussetzungen wurde der Verein mit dem Namen &#8222;T\u00f6nisvorster Hilfe&#8220; am 24. August 2011 gegr\u00fcndet, beim Amtsgericht Krefeld eingetragen und die Gemeinn\u00fctzigkeit beim Finanzamt beantragt.<\/p>\n\n\n\n<h2 class=\"wp-block-heading\">2011 &#8211; Beginn einer langen Reise &#8211; Wohin mit uns?<\/h2>\n\n\n\n<p>Als ein gro\u00dfes Problem stellte sich die Suche nach geeigneten R\u00e4umen dar. Von Dezember 2009 bis August 2011, wurde intensiv gesucht. Es wurden viele Gespr\u00e4che gef\u00fchrt und letztendlich war es eine Privatperson die dem Verein selbstlos R\u00e4ume \u00fcberlassen hat.<\/p>\n\n\n\n<p>Die Suche nach R\u00e4umen wurde mit vielen Zweifeln nach der Berechtigung verkn\u00fcpft.\u201c Gibt es in T\u00f6nisvorst \u00fcberhaupt Bed\u00fcrftige?\u201c, oder das vorgelegte Konzept wurde bezweifelt. Es musste viel \u00dcberzeugungsarbeit geleistet werden.<\/p>\n\n\n\n<p>Eine wichtige Frage war noch zu kl\u00e4ren. Wer gilt nach der Satzung als bed\u00fcrftig. Als bed\u00fcrftig gelten alle &#8222;Hartz IV&#8220;-Empf\u00e4nger, bzw. Personen die ein verf\u00fcgbares monatliches Einkommen auf dem Niveau von &#8222;Hartz IV&#8220; haben, ebenso auch Rentner, Obdachlose und Asylbewerber, sowie Personen deren Einkommen aus der Grundsicherung besteht.<\/p>\n\n\n\n<p>Inzwischen genie\u00dft der Verein bei den B\u00fcrgern gro\u00dfe Akzeptanz und kommt in den Genuss vieler Geld- als auch Sachspenden. Ein Lieferwagen und K\u00fchlger\u00e4te konnten angeschafft werden.<\/p>\n\n\n\n<h2 class=\"wp-block-heading\">2012 &#8211;  Lebensmittelausgabe im Marienheim<\/h2>\n\n\n\n<p>Die Lebensmittelausgabe befindet sich seit dem 21.November 2012 in den R\u00e4umen einer konfessionellen Einrichtung, dem Marienheim der Gemeinde St. Cornelius im Ortsteil St. T\u00f6nis.<\/p>\n\n\n\n<p>Leider befinden sich im Marienheim keine Lagerr\u00e4ume. Von der Kirchengemeinde wurde eine Garage zur Verf\u00fcgung gestellt und ein Unternehmen stellte dem Verein 2 Container auf dem Firmengel\u00e4nde kostenlos zur Verf\u00fcgung. So mussten eingesammelte Lebensmittel zuerst auf die beiden Lager verteilt werden und vor Beginn der Lebensmittelausgabe wieder abgeholt und ins Marienheim gebracht werden. Am Schluss der Lebensmittelausgabe mussten die nicht ausgegeben und noch haltbaren Lebensmittel wieder zur\u00fcck in die Lager gebracht werden. Jedes Mal eine riesige logistische Herausforderung.<\/p>\n\n\n\n<h2 class=\"wp-block-heading\">2018 &#8211; Heimat in Sicht<\/h2>\n\n\n\n<p>Nachdem die Mitglieder beschlossen hatten eine Containeranlage auf einem st\u00e4dtischen Grundst\u00fcck errichten zu wollen,  um damit Lager und Ausgabestelle zu vereinen und auf einen Ort zu konzentrieren und den logistischen Aufwand erheblich zu reduzieren, begann der vorerst letzte Teil der Suche nach einer Heimat f\u00fcr die T\u00f6nisvorster Hilfe. <\/p>\n\n\n\n<p>Die Suche nach einem geeigneten Grundst\u00fcck war schwierig, die Verhandlungen \u00fcber einen Nutzungsvertrag nicht minder.<\/p>\n\n\n\n<p>In dieser Zeit bietet sich der Spielverein St. T\u00f6nis als Gl\u00fccksfall an. Die T\u00f6nisvorster Hilfe kann ein Grundst\u00fcck vom Spielverein pachten. Der Pachtvertrag wurde z\u00fcgig mit Zustimmung der Stadtverwaltung am 7. Dezember 2018 abgeschlossen. <\/p>\n\n\n\n<h2 class=\"wp-block-heading\">2019 &#8211; Endlich alles an einem Platz<\/h2>\n\n\n\n<p>Der Bauantrag wurde nach einigen Diskussionsrunden am 15. Februar 2019 genehmigt und seitdem wird auf dem Grundst\u00fcck und im Container gearbeitet um dieses Projekt zu vollenden.<\/p>\n\n\n\n<p>Schlie\u00dflich und endlich kann am 13.November 2019 die erste Lebensmittelausgabe in der Containeranlage am neuen Standort, dem Sportplatz in St. T\u00f6nis, Gelderner Stra\u00dfe 73 stattfinden. Wir sind nach \u00fcber zehn Jahren angekommen.<\/p>\n","protected":false},"excerpt":{"rendered":"<p>Die Geschichte der T\u00f6nisvorster Hilfe: 2009 &#8211; Initiative &#8222;Lebensmittel f\u00fcr Bed\u00fcrftige&#8220; Die Initiatoren f\u00fcr ein Projekt \u201eLebensmittel f\u00fcr Bed\u00fcrftige\u201c, Reinhard Bismanns und J\u00fcrgen Beyer waren sich einig in der Beurteilung<\/p>\n","protected":false},"author":1,"featured_media":304,"parent":0,"menu_order":0,"comment_status":"closed","ping_status":"closed","template":"","meta":{"footnotes":""},"class_list":["post-19","page","type-page","status-publish","has-post-thumbnail","hentry"],"_links":{"self":[{"href":"https:\/\/www.toenisvorster-hilfe.de\/index.php?rest_route=\/wp\/v2\/pages\/19","targetHints":{"allow":["GET"]}}],"collection":[{"href":"https:\/\/www.toenisvorster-hilfe.de\/index.php?rest_route=\/wp\/v2\/pages"}],"about":[{"href":"https:\/\/www.toenisvorster-hilfe.de\/index.php?rest_route=\/wp\/v2\/types\/page"}],"author":[{"embeddable":true,"href":"https:\/\/www.toenisvorster-hilfe.de\/index.php?rest_route=\/wp\/v2\/users\/1"}],"replies":[{"embeddable":true,"href":"https:\/\/www.toenisvorster-hilfe.de\/index.php?rest_route=%2Fwp%2Fv2%2Fcomments&post=19"}],"version-history":[{"count":3,"href":"https:\/\/www.toenisvorster-hilfe.de\/index.php?rest_route=\/wp\/v2\/pages\/19\/revisions"}],"predecessor-version":[{"id":305,"href":"https:\/\/www.toenisvorster-hilfe.de\/index.php?rest_route=\/wp\/v2\/pages\/19\/revisions\/305"}],"wp:featuredmedia":[{"embeddable":true,"href":"https:\/\/www.toenisvorster-hilfe.de\/index.php?rest_route=\/wp\/v2\/media\/304"}],"wp:attachment":[{"href":"https:\/\/www.toenisvorster-hilfe.de\/index.php?rest_route=%2Fwp%2Fv2%2Fmedia&parent=19"}],"curies":[{"name":"wp","href":"https:\/\/api.w.org\/{rel}","templated":true}]}}