{"id":203,"date":"2023-08-29T06:27:12","date_gmt":"2023-08-29T06:27:12","guid":{"rendered":"https:\/\/toenisvorster-hilfe.ponten-weber.de\/?page_id=203"},"modified":"2023-08-29T10:57:28","modified_gmt":"2023-08-29T10:57:28","slug":"lebensmittelausgabe","status":"publish","type":"page","link":"https:\/\/www.toenisvorster-hilfe.de\/?page_id=203","title":{"rendered":"Lebensmittelausgabe"},"content":{"rendered":"\n<h4 class=\"wp-block-heading\">Wie?<\/h4>\n\n\n\n<p>Informieren Sie sich auf den folgenden Seiten \u00fcber die <a href=\"https:\/\/www.toenisvorster-hilfe.de\/?page_id=206\" data-type=\"page\" data-id=\"206\">Voraussetzungen zum Empfang von Lebensmitteln<\/a> durch die T\u00f6nisvorster Hilfe, <a href=\"https:\/\/www.toenisvorster-hilfe.de\/?page_id=205\" data-type=\"page\" data-id=\"205\">wie Sie sich registrieren k\u00f6nnen<\/a> und <a href=\"https:\/\/www.toenisvorster-hilfe.de\/?page_id=207\" data-type=\"page\" data-id=\"207\">wann unsere Ausgabetermine sind<\/a>.<\/p>\n\n\n\n<h4 class=\"wp-block-heading\">Wann?<\/h4>\n\n\n\n<p>Die Lebensmittelausgabe findet alle 14 Tage mittwochs ab 11:30 statt. <a href=\"https:\/\/www.toenisvorster-hilfe.de\/?page_id=207\" data-type=\"page\" data-id=\"207\">Die genauen Termine k\u00f6nnen dem Terminplan entnommen werden.<\/a><\/p>\n\n\n\n<h4 class=\"wp-block-heading\">Wo?<\/h4>\n\n\n\n<p>Die Ausgabe der Lebensmittel erfolgt in unserer Containeranlage am Sportplatz in Sankt T\u00f6nis:<br><a rel=\"noreferrer noopener\" href=\"https:\/\/goo.gl\/maps\/UgExSMBGFgF66Avc7\" data-type=\"URL\" data-id=\"https:\/\/goo.gl\/maps\/UgExSMBGFgF66Avc7\" target=\"_blank\">Gelderner Stra\u00dfe 73, 47918 T\u00f6nisvorst (51.32724955076361, 6.487265626271759)<\/a><\/p>\n\n\n\n<p><strong>Bitte bringen Sie, wenn m\u00f6glich eigene Taschen mit. <\/strong><br>Dankesch\u00f6n!<\/p>\n","protected":false},"excerpt":{"rendered":"<p>Wie? Informieren Sie sich auf den folgenden Seiten \u00fcber die Voraussetzungen zum Empfang von Lebensmitteln durch die T\u00f6nisvorster Hilfe, wie Sie sich registrieren k\u00f6nnen und wann unsere Ausgabetermine sind. Wann?<\/p>\n","protected":false},"author":1,"featured_media":181,"parent":0,"menu_order":0,"comment_status":"closed","ping_status":"closed","template":"","meta":{"footnotes":""},"class_list":["post-203","page","type-page","status-publish","has-post-thumbnail","hentry"],"_links":{"self":[{"href":"https:\/\/www.toenisvorster-hilfe.de\/index.php?rest_route=\/wp\/v2\/pages\/203","targetHints":{"allow":["GET"]}}],"collection":[{"href":"https:\/\/www.toenisvorster-hilfe.de\/index.php?rest_route=\/wp\/v2\/pages"}],"about":[{"href":"https:\/\/www.toenisvorster-hilfe.de\/index.php?rest_route=\/wp\/v2\/types\/page"}],"author":[{"embeddable":true,"href":"https:\/\/www.toenisvorster-hilfe.de\/index.php?rest_route=\/wp\/v2\/users\/1"}],"replies":[{"embeddable":true,"href":"https:\/\/www.toenisvorster-hilfe.de\/index.php?rest_route=%2Fwp%2Fv2%2Fcomments&post=203"}],"version-history":[{"count":4,"href":"https:\/\/www.toenisvorster-hilfe.de\/index.php?rest_route=\/wp\/v2\/pages\/203\/revisions"}],"predecessor-version":[{"id":322,"href":"https:\/\/www.toenisvorster-hilfe.de\/index.php?rest_route=\/wp\/v2\/pages\/203\/revisions\/322"}],"wp:featuredmedia":[{"embeddable":true,"href":"https:\/\/www.toenisvorster-hilfe.de\/index.php?rest_route=\/wp\/v2\/media\/181"}],"wp:attachment":[{"href":"https:\/\/www.toenisvorster-hilfe.de\/index.php?rest_route=%2Fwp%2Fv2%2Fmedia&parent=203"}],"curies":[{"name":"wp","href":"https:\/\/api.w.org\/{rel}","templated":true}]}}