{"id":205,"date":"2023-08-29T06:27:12","date_gmt":"2023-08-29T06:27:12","guid":{"rendered":"https:\/\/toenisvorster-hilfe.ponten-weber.de\/?page_id=205"},"modified":"2024-05-07T15:08:16","modified_gmt":"2024-05-07T15:08:16","slug":"anmeldung","status":"publish","type":"page","link":"https:\/\/www.toenisvorster-hilfe.de\/?page_id=205","title":{"rendered":"Anmeldung"},"content":{"rendered":"\n<p>Die <strong>Neuanmeldung und Registrierung<\/strong> erfolgt ausschlie\u00dflich dienstags einen Tag <strong>vor<\/strong> der Ausgabe am Mittwoch. Die regelm\u00e4\u00dfige Aktualisierung der Nachweise (Grundsicherung, Rentenbescheid, etc.) erfolgt ebenfalls nur dienstags vor der Ausgabe. Die genauen<strong> Registrierungstermine<\/strong> sind in <a href=\"https:\/\/www.toenisvorster-hilfe.de\/wp-content\/uploads\/2024\/03\/Toenisvorster_Hilfe_Ausgabe_2024.pdf\" data-type=\"attachment\" data-id=\"422\" target=\"_blank\" rel=\"noreferrer noopener\">unserem Terminplan<\/a> zu entnehmen (diese Termine sind dort farblich rot unterlegt).<\/p>\n\n\n\n<p><strong>Bei der Anmeldung wird Ihnen eine farbige Kundenkarte zugeteilt.<\/strong><br>Die Ausgabe erfolgt alle zwei Wochen, wobei die Ausgabezeit abh\u00e4ngig von der Farbe der Kundenkarte variiert. Damit reduzieren wir die Wartezeit aller Kunden, insbesondere derer mit k\u00f6rperlichen Beschwerden.<\/p>\n\n\n\n<p><strong>Wichtiger Hinweis:&nbsp;<\/strong>&nbsp;Es besteht kein Anspruch auf bestimmte Lebensmittel und Menge, da nur das verteilt werden kann was am Tage der Ausgabe vorhanden ist. Die Abgabe von Lebensmittel stellt keine Vollversorgung da, sondern sie entspricht nur einer Erg\u00e4nzungsversorgung!<\/p>\n","protected":false},"excerpt":{"rendered":"<p>Die Neuanmeldung und Registrierung erfolgt ausschlie\u00dflich dienstags einen Tag vor der Ausgabe am Mittwoch. Die regelm\u00e4\u00dfige Aktualisierung der Nachweise (Grundsicherung, Rentenbescheid, etc.) erfolgt ebenfalls nur dienstags vor der Ausgabe. Die<\/p>\n","protected":false},"author":1,"featured_media":260,"parent":0,"menu_order":0,"comment_status":"closed","ping_status":"closed","template":"","meta":{"footnotes":""},"class_list":["post-205","page","type-page","status-publish","has-post-thumbnail","hentry"],"_links":{"self":[{"href":"https:\/\/www.toenisvorster-hilfe.de\/index.php?rest_route=\/wp\/v2\/pages\/205","targetHints":{"allow":["GET"]}}],"collection":[{"href":"https:\/\/www.toenisvorster-hilfe.de\/index.php?rest_route=\/wp\/v2\/pages"}],"about":[{"href":"https:\/\/www.toenisvorster-hilfe.de\/index.php?rest_route=\/wp\/v2\/types\/page"}],"author":[{"embeddable":true,"href":"https:\/\/www.toenisvorster-hilfe.de\/index.php?rest_route=\/wp\/v2\/users\/1"}],"replies":[{"embeddable":true,"href":"https:\/\/www.toenisvorster-hilfe.de\/index.php?rest_route=%2Fwp%2Fv2%2Fcomments&post=205"}],"version-history":[{"count":6,"href":"https:\/\/www.toenisvorster-hilfe.de\/index.php?rest_route=\/wp\/v2\/pages\/205\/revisions"}],"predecessor-version":[{"id":451,"href":"https:\/\/www.toenisvorster-hilfe.de\/index.php?rest_route=\/wp\/v2\/pages\/205\/revisions\/451"}],"wp:featuredmedia":[{"embeddable":true,"href":"https:\/\/www.toenisvorster-hilfe.de\/index.php?rest_route=\/wp\/v2\/media\/260"}],"wp:attachment":[{"href":"https:\/\/www.toenisvorster-hilfe.de\/index.php?rest_route=%2Fwp%2Fv2%2Fmedia&parent=205"}],"curies":[{"name":"wp","href":"https:\/\/api.w.org\/{rel}","templated":true}]}}