{"id":206,"date":"2023-08-29T06:27:12","date_gmt":"2023-08-29T06:27:12","guid":{"rendered":"https:\/\/toenisvorster-hilfe.ponten-weber.de\/?page_id=206"},"modified":"2025-10-16T12:07:05","modified_gmt":"2025-10-16T12:07:05","slug":"voraussetzungen","status":"publish","type":"page","link":"https:\/\/www.toenisvorster-hilfe.de\/?page_id=206","title":{"rendered":"Voraussetzungen"},"content":{"rendered":"\n<h4 class=\"wp-block-heading\">Welche Voraussetzungen sind ma\u00dfgebend, um bei der T\u00f6nisvorster Hilfe Lebensmittel zu erhalten?<\/h4>\n\n\n\n<figure class=\"wp-block-table is-style-regular\"><table><tbody><tr><td><strong>Einkommen auf B\u00fcrgergeldniveau<\/strong><\/td><td>Sie sind Rentner oder Geringverdiener mit einem Einkommen auf dem Niveau vom B\u00fcrgergeld (ca. 1200 \u20ac)<\/td><\/tr><tr><td><strong>Sozialleistungsempf\u00e4nger<\/strong><\/td><td>Sie sind Empf\u00e4nger von Arbeitslosengeld II (B\u00fcrgergeld), Grundsicherungs- oder&nbsp; Wohngeldempf\u00e4nger.<\/td><\/tr><tr><td><strong>Einwohner<\/strong><\/td><td>Sie sind wohnhaft in T\u00f6nisvorst<\/td><\/tr><\/tbody><\/table><\/figure>\n\n\n\n<h4 class=\"wp-block-heading\">Wer bei uns Lebensmittel erhalten m\u00f6chte, sollte folgendes vorlegen k\u00f6nnen:<\/h4>\n\n\n\n<p><strong>Lichtbildausweis<\/strong> (Pass, Personalausweis)<\/p>\n\n\n\n<ul class=\"wp-block-list\">\n<li>&#8230;und <strong>einen<\/strong> dieser Nachweise:\n<ul class=\"wp-block-list\">\n<li>Rentenbescheid<\/li>\n\n\n\n<li>Lohn\/ Gehaltsnachweis<\/li>\n\n\n\n<li>Grundsicherung (SGB II, SGB XII, AsylbLG)&nbsp;<\/li>\n\n\n\n<li>B\u00fcrgergeld<\/li>\n<\/ul>\n<\/li>\n<\/ul>\n\n\n\n<p><\/p>\n","protected":false},"excerpt":{"rendered":"<p>Welche Voraussetzungen sind ma\u00dfgebend, um bei der T\u00f6nisvorster Hilfe Lebensmittel zu erhalten? Einkommen auf B\u00fcrgergeldniveau Sie sind Rentner oder Geringverdiener mit einem Einkommen auf dem Niveau vom B\u00fcrgergeld (ca. 1200<\/p>\n","protected":false},"author":1,"featured_media":152,"parent":0,"menu_order":0,"comment_status":"closed","ping_status":"closed","template":"","meta":{"footnotes":""},"class_list":["post-206","page","type-page","status-publish","has-post-thumbnail","hentry"],"_links":{"self":[{"href":"https:\/\/www.toenisvorster-hilfe.de\/index.php?rest_route=\/wp\/v2\/pages\/206","targetHints":{"allow":["GET"]}}],"collection":[{"href":"https:\/\/www.toenisvorster-hilfe.de\/index.php?rest_route=\/wp\/v2\/pages"}],"about":[{"href":"https:\/\/www.toenisvorster-hilfe.de\/index.php?rest_route=\/wp\/v2\/types\/page"}],"author":[{"embeddable":true,"href":"https:\/\/www.toenisvorster-hilfe.de\/index.php?rest_route=\/wp\/v2\/users\/1"}],"replies":[{"embeddable":true,"href":"https:\/\/www.toenisvorster-hilfe.de\/index.php?rest_route=%2Fwp%2Fv2%2Fcomments&post=206"}],"version-history":[{"count":9,"href":"https:\/\/www.toenisvorster-hilfe.de\/index.php?rest_route=\/wp\/v2\/pages\/206\/revisions"}],"predecessor-version":[{"id":574,"href":"https:\/\/www.toenisvorster-hilfe.de\/index.php?rest_route=\/wp\/v2\/pages\/206\/revisions\/574"}],"wp:featuredmedia":[{"embeddable":true,"href":"https:\/\/www.toenisvorster-hilfe.de\/index.php?rest_route=\/wp\/v2\/media\/152"}],"wp:attachment":[{"href":"https:\/\/www.toenisvorster-hilfe.de\/index.php?rest_route=%2Fwp%2Fv2%2Fmedia&parent=206"}],"curies":[{"name":"wp","href":"https:\/\/api.w.org\/{rel}","templated":true}]}}