{"id":208,"date":"2023-08-29T06:27:12","date_gmt":"2023-08-29T06:27:12","guid":{"rendered":"https:\/\/toenisvorster-hilfe.ponten-weber.de\/?page_id=208"},"modified":"2023-08-29T08:36:27","modified_gmt":"2023-08-29T08:36:27","slug":"mitglieder","status":"publish","type":"page","link":"https:\/\/www.toenisvorster-hilfe.de\/?page_id=208","title":{"rendered":"Mitglieder"},"content":{"rendered":"\n<p>Die T\u00f6nisvorster Hilfe e.V. hat zurzeit \u00fcber 100 Mitglieder. Der Mitgliedsbeitrag betr\u00e4gt lediglich 12,00 Euro pro Jahr, mit der Absicht, den Verein nicht \u00fcber Mitgliedsbeitr\u00e4ge zu finanzieren. Die ben\u00f6tigten finanziellen Mittel sollen \u00fcber Spenden eingeworben werden. Dabei ist die Gemeinn\u00fctzigkeit des Vereins eine gro\u00dfe Hilfe.<\/p>\n\n\n\n<p><a href=\"https:\/\/www.toenisvorster-hilfe.de\/?page_id=280\" data-type=\"page\" data-id=\"280\">Werden auch Sie Mitglied und unterst\u00fctzen Sie damit unsere Arbeit<\/a><\/p>\n","protected":false},"excerpt":{"rendered":"<p>Die T\u00f6nisvorster Hilfe e.V. hat zurzeit \u00fcber 100 Mitglieder. Der Mitgliedsbeitrag betr\u00e4gt lediglich 12,00 Euro pro Jahr, mit der Absicht, den Verein nicht \u00fcber Mitgliedsbeitr\u00e4ge zu finanzieren. Die ben\u00f6tigten finanziellen<\/p>\n","protected":false},"author":1,"featured_media":290,"parent":0,"menu_order":0,"comment_status":"closed","ping_status":"closed","template":"","meta":{"footnotes":""},"class_list":["post-208","page","type-page","status-publish","has-post-thumbnail","hentry"],"_links":{"self":[{"href":"https:\/\/www.toenisvorster-hilfe.de\/index.php?rest_route=\/wp\/v2\/pages\/208","targetHints":{"allow":["GET"]}}],"collection":[{"href":"https:\/\/www.toenisvorster-hilfe.de\/index.php?rest_route=\/wp\/v2\/pages"}],"about":[{"href":"https:\/\/www.toenisvorster-hilfe.de\/index.php?rest_route=\/wp\/v2\/types\/page"}],"author":[{"embeddable":true,"href":"https:\/\/www.toenisvorster-hilfe.de\/index.php?rest_route=\/wp\/v2\/users\/1"}],"replies":[{"embeddable":true,"href":"https:\/\/www.toenisvorster-hilfe.de\/index.php?rest_route=%2Fwp%2Fv2%2Fcomments&post=208"}],"version-history":[{"count":2,"href":"https:\/\/www.toenisvorster-hilfe.de\/index.php?rest_route=\/wp\/v2\/pages\/208\/revisions"}],"predecessor-version":[{"id":291,"href":"https:\/\/www.toenisvorster-hilfe.de\/index.php?rest_route=\/wp\/v2\/pages\/208\/revisions\/291"}],"wp:featuredmedia":[{"embeddable":true,"href":"https:\/\/www.toenisvorster-hilfe.de\/index.php?rest_route=\/wp\/v2\/media\/290"}],"wp:attachment":[{"href":"https:\/\/www.toenisvorster-hilfe.de\/index.php?rest_route=%2Fwp%2Fv2%2Fmedia&parent=208"}],"curies":[{"name":"wp","href":"https:\/\/api.w.org\/{rel}","templated":true}]}}