{"id":212,"date":"2023-08-29T06:27:13","date_gmt":"2023-08-29T06:27:13","guid":{"rendered":"https:\/\/toenisvorster-hilfe.ponten-weber.de\/?page_id=212"},"modified":"2025-10-16T12:09:37","modified_gmt":"2025-10-16T12:09:37","slug":"spenden","status":"publish","type":"page","link":"https:\/\/www.toenisvorster-hilfe.de\/?page_id=212","title":{"rendered":"Geldspenden"},"content":{"rendered":"\n<p>Ihre Geldspenden ben\u00f6tigen wir<\/p>\n\n\n\n<ul class=\"wp-block-list\">\n<li>zum Zukauf von haltbaren Lebensmitteln f\u00fcr den t\u00e4glichen Bedarf \n<ul class=\"wp-block-list\">\n<li>wie Mehl, <\/li>\n\n\n\n<li>Zucker, <\/li>\n\n\n\n<li>Reis, <\/li>\n\n\n\n<li>Nudeln etc.<\/li>\n<\/ul>\n<\/li>\n<\/ul>\n\n\n\n<p>wie auch f\u00fcr<\/p>\n\n\n\n<ul class=\"wp-block-list\">\n<li>Reparaturen,<\/li>\n\n\n\n<li>Versicherungen, <\/li>\n\n\n\n<li>Nebenkosten und <\/li>\n\n\n\n<li>allgemeine KFZ-Kosten etc.<\/li>\n<\/ul>\n\n\n\n<figure class=\"wp-block-table\"><table><tbody><tr><td><strong>Spendenkonto<\/strong><\/td><td>Sparkasse Krefeld<br>IBAN DE28 3205 0000 0000 0373 74<\/td><\/tr><\/tbody><\/table><\/figure>\n\n\n\n<p class=\"has-small-font-size\">F\u00fcr Zuwendungen bis zu einem Betrag von 300,- Euro gilt der \u00dcberweisungsbeleg in Verbindung mit dem Kontoauszug als Zuwendungsbest\u00e4tigung. F\u00fcr Betr\u00e4ge \u00fcber 300,- Euro senden wir Ihnen unaufgefordert eine Zuwendungsbest\u00e4tigung. Deshalb bitten wir Sie, Ihre Anschrift deutlich lesbar einzutragen.<\/p>\n","protected":false},"excerpt":{"rendered":"<p>Ihre Geldspenden ben\u00f6tigen wir wie auch f\u00fcr Spendenkonto Sparkasse KrefeldIBAN DE28 3205 0000 0000 0373 74 F\u00fcr Zuwendungen bis zu einem Betrag von 300,- Euro gilt der \u00dcberweisungsbeleg in Verbindung<\/p>\n","protected":false},"author":1,"featured_media":286,"parent":0,"menu_order":0,"comment_status":"closed","ping_status":"closed","template":"","meta":{"footnotes":""},"class_list":["post-212","page","type-page","status-publish","has-post-thumbnail","hentry"],"_links":{"self":[{"href":"https:\/\/www.toenisvorster-hilfe.de\/index.php?rest_route=\/wp\/v2\/pages\/212","targetHints":{"allow":["GET"]}}],"collection":[{"href":"https:\/\/www.toenisvorster-hilfe.de\/index.php?rest_route=\/wp\/v2\/pages"}],"about":[{"href":"https:\/\/www.toenisvorster-hilfe.de\/index.php?rest_route=\/wp\/v2\/types\/page"}],"author":[{"embeddable":true,"href":"https:\/\/www.toenisvorster-hilfe.de\/index.php?rest_route=\/wp\/v2\/users\/1"}],"replies":[{"embeddable":true,"href":"https:\/\/www.toenisvorster-hilfe.de\/index.php?rest_route=%2Fwp%2Fv2%2Fcomments&post=212"}],"version-history":[{"count":9,"href":"https:\/\/www.toenisvorster-hilfe.de\/index.php?rest_route=\/wp\/v2\/pages\/212\/revisions"}],"predecessor-version":[{"id":575,"href":"https:\/\/www.toenisvorster-hilfe.de\/index.php?rest_route=\/wp\/v2\/pages\/212\/revisions\/575"}],"wp:featuredmedia":[{"embeddable":true,"href":"https:\/\/www.toenisvorster-hilfe.de\/index.php?rest_route=\/wp\/v2\/media\/286"}],"wp:attachment":[{"href":"https:\/\/www.toenisvorster-hilfe.de\/index.php?rest_route=%2Fwp%2Fv2%2Fmedia&parent=212"}],"curies":[{"name":"wp","href":"https:\/\/api.w.org\/{rel}","templated":true}]}}