{"id":246,"date":"2023-08-29T07:11:18","date_gmt":"2023-08-29T07:11:18","guid":{"rendered":"https:\/\/toenisvorster-hilfe.ponten-weber.de\/?page_id=246"},"modified":"2025-10-16T12:12:39","modified_gmt":"2025-10-16T12:12:39","slug":"sachspenden","status":"publish","type":"page","link":"https:\/\/www.toenisvorster-hilfe.de\/?page_id=246","title":{"rendered":"Sachspenden"},"content":{"rendered":"\n<p>Die T\u00f6nisvorster Hilfe e.V. fokussiert sich auf die Ausgabe von Lebensmitteln, doch k\u00f6nnen auch Artikel des t\u00e4glichen Bedarfs (z. Bsp.: Hygieneartikel) gespendet werden.<\/p>\n\n\n\n<p>Wir bitten Sie Ihre Spende jeden Mittwoch zwischen 10:00-12:00 Uhr an der Ausgabestelle (Containeranlage, Gelderner Str. 73 in St. T\u00f6nis) pers\u00f6nlich abzugeben.<\/p>\n\n\n\n<p>Globus (H\u00f6henh\u00f6fe) bietet seit kurzem die M\u00f6glichkeit an \u201aEin Teil Extra\u2018 zu kaufen und dieses dann in die gekennzeichnete Box am Eingang abzulegen. Diese Box wird regelm\u00e4\u00dfig von der T\u00f6nisvorster Hilfe e.V. geleert.<\/p>\n\n\n\n<p>Wir nehmen auch Obst &amp; Gem\u00fcse aus Ihrem Garten an!<\/p>\n\n\n\n<p>Wir freuen uns \u00fcber jede Spende, doch haben Sie Verst\u00e4ndnis das wir nur Lebensmittel im verpackten Zustand annehmen k\u00f6nnen.<\/p>\n\n\n\n<p><\/p>\n","protected":false},"excerpt":{"rendered":"<p>Die T\u00f6nisvorster Hilfe e.V. fokussiert sich auf die Ausgabe von Lebensmitteln, doch k\u00f6nnen auch Artikel des t\u00e4glichen Bedarfs (z. Bsp.: Hygieneartikel) gespendet werden. Wir bitten Sie Ihre Spende jeden Mittwoch<\/p>\n","protected":false},"author":1,"featured_media":284,"parent":0,"menu_order":0,"comment_status":"closed","ping_status":"closed","template":"","meta":{"footnotes":""},"class_list":["post-246","page","type-page","status-publish","has-post-thumbnail","hentry"],"_links":{"self":[{"href":"https:\/\/www.toenisvorster-hilfe.de\/index.php?rest_route=\/wp\/v2\/pages\/246","targetHints":{"allow":["GET"]}}],"collection":[{"href":"https:\/\/www.toenisvorster-hilfe.de\/index.php?rest_route=\/wp\/v2\/pages"}],"about":[{"href":"https:\/\/www.toenisvorster-hilfe.de\/index.php?rest_route=\/wp\/v2\/types\/page"}],"author":[{"embeddable":true,"href":"https:\/\/www.toenisvorster-hilfe.de\/index.php?rest_route=\/wp\/v2\/users\/1"}],"replies":[{"embeddable":true,"href":"https:\/\/www.toenisvorster-hilfe.de\/index.php?rest_route=%2Fwp%2Fv2%2Fcomments&post=246"}],"version-history":[{"count":4,"href":"https:\/\/www.toenisvorster-hilfe.de\/index.php?rest_route=\/wp\/v2\/pages\/246\/revisions"}],"predecessor-version":[{"id":577,"href":"https:\/\/www.toenisvorster-hilfe.de\/index.php?rest_route=\/wp\/v2\/pages\/246\/revisions\/577"}],"wp:featuredmedia":[{"embeddable":true,"href":"https:\/\/www.toenisvorster-hilfe.de\/index.php?rest_route=\/wp\/v2\/media\/284"}],"wp:attachment":[{"href":"https:\/\/www.toenisvorster-hilfe.de\/index.php?rest_route=%2Fwp%2Fv2%2Fmedia&parent=246"}],"curies":[{"name":"wp","href":"https:\/\/api.w.org\/{rel}","templated":true}]}}