{"id":280,"date":"2023-08-29T08:00:29","date_gmt":"2023-08-29T08:00:29","guid":{"rendered":"https:\/\/toenisvorster-hilfe.ponten-weber.de\/?page_id=280"},"modified":"2024-05-07T14:50:01","modified_gmt":"2024-05-07T14:50:01","slug":"wie-sie-uns-helfen-koennen-2","status":"publish","type":"page","link":"https:\/\/www.toenisvorster-hilfe.de\/?page_id=280","title":{"rendered":"Mitglied werden"},"content":{"rendered":"\n<p>Wir freuen uns \u00fcber jedes Mitglied, wenn Sie uns aktiv unterst\u00fctzen wollen, noch umso mehr. J\u00fcngere, engagierte Helfer sind bei uns herzlich Willkommen!<\/p>\n\n\n\n<div data-wp-interactive=\"core\/file\" class=\"wp-block-file\"><object data-wp-bind--hidden=\"!state.hasPdfPreview\" hidden class=\"wp-block-file__embed\" data=\"https:\/\/www.toenisvorster-hilfe.de\/wp-content\/uploads\/2024\/03\/Beitrittserklaerung-Neu-12.2023.pdf\" type=\"application\/pdf\" style=\"width:100%;height:600px\" aria-label=\"Einbettung von Beitrittserkl\u00e4rung T\u00f6nisvorster Hilfe e.V. (Stand 12\/2023).\"><\/object><a id=\"wp-block-file--media-227bcc61-4839-4874-9cc9-1cc1e33fc508\" href=\"https:\/\/www.toenisvorster-hilfe.de\/wp-content\/uploads\/2024\/03\/Beitrittserklaerung-Neu-12.2023.pdf\" target=\"_blank\" rel=\"noreferrer noopener\">Beitrittserkl\u00e4rung T\u00f6nisvorster Hilfe e.V. (Stand 12\/2023)<\/a><a href=\"https:\/\/www.toenisvorster-hilfe.de\/wp-content\/uploads\/2024\/03\/Beitrittserklaerung-Neu-12.2023.pdf\" class=\"wp-block-file__button wp-element-button\" download aria-describedby=\"wp-block-file--media-227bcc61-4839-4874-9cc9-1cc1e33fc508\">Herunterladen<\/a><\/div>\n\n\n\n<h4 class=\"wp-block-heading\">Auszug aus der Satzung<\/h4>\n\n\n\n<p>Der Zweck des Vereins ist die F\u00f6rderung des Wohlfahrtswesens. Das wird verwirklicht insbesondere durch Ma\u00dfnahmen und Aktionen f\u00fcr notleidende oder gef\u00e4hrdete Menschen, die wegen wirtschaftlicher Notlage der finanziellen Unterst\u00fctzung oder der Unterst\u00fctzung durch Sachmittel bed\u00fcrfen, oder denen eine der vorstehend beschriebenen Notlage droht. Der Schwerpunkt der T\u00e4tigkeit des Vereins ist das Sammeln und die Ausgabe von Lebensmitteln des unmittelbaren pers\u00f6nlichen Gebrauchs.<\/p>\n","protected":false},"excerpt":{"rendered":"<p>Wir freuen uns \u00fcber jedes Mitglied, wenn Sie uns aktiv unterst\u00fctzen wollen, noch umso mehr. J\u00fcngere, engagierte Helfer sind bei uns herzlich Willkommen! Auszug aus der Satzung Der Zweck des<\/p>\n","protected":false},"author":1,"featured_media":303,"parent":0,"menu_order":0,"comment_status":"closed","ping_status":"closed","template":"","meta":{"footnotes":""},"class_list":["post-280","page","type-page","status-publish","has-post-thumbnail","hentry"],"_links":{"self":[{"href":"https:\/\/www.toenisvorster-hilfe.de\/index.php?rest_route=\/wp\/v2\/pages\/280","targetHints":{"allow":["GET"]}}],"collection":[{"href":"https:\/\/www.toenisvorster-hilfe.de\/index.php?rest_route=\/wp\/v2\/pages"}],"about":[{"href":"https:\/\/www.toenisvorster-hilfe.de\/index.php?rest_route=\/wp\/v2\/types\/page"}],"author":[{"embeddable":true,"href":"https:\/\/www.toenisvorster-hilfe.de\/index.php?rest_route=\/wp\/v2\/users\/1"}],"replies":[{"embeddable":true,"href":"https:\/\/www.toenisvorster-hilfe.de\/index.php?rest_route=%2Fwp%2Fv2%2Fcomments&post=280"}],"version-history":[{"count":7,"href":"https:\/\/www.toenisvorster-hilfe.de\/index.php?rest_route=\/wp\/v2\/pages\/280\/revisions"}],"predecessor-version":[{"id":442,"href":"https:\/\/www.toenisvorster-hilfe.de\/index.php?rest_route=\/wp\/v2\/pages\/280\/revisions\/442"}],"wp:featuredmedia":[{"embeddable":true,"href":"https:\/\/www.toenisvorster-hilfe.de\/index.php?rest_route=\/wp\/v2\/media\/303"}],"wp:attachment":[{"href":"https:\/\/www.toenisvorster-hilfe.de\/index.php?rest_route=%2Fwp%2Fv2%2Fmedia&parent=280"}],"curies":[{"name":"wp","href":"https:\/\/api.w.org\/{rel}","templated":true}]}}