{"id":298,"date":"2023-08-29T10:04:49","date_gmt":"2023-08-29T10:04:49","guid":{"rendered":"https:\/\/toenisvorster-hilfe.ponten-weber.de\/?page_id=298"},"modified":"2024-05-22T11:29:45","modified_gmt":"2024-05-22T11:29:45","slug":"sponsoren-und-unterstuetzer","status":"publish","type":"page","link":"https:\/\/www.toenisvorster-hilfe.de\/?page_id=298","title":{"rendered":"Sponsoren und Unterst\u00fctzer"},"content":{"rendered":"\n<p>Die T\u00f6nisvorster Hilfe e.V. wird von vielen T\u00f6nisvorster Unternehmen, wie zum Beispiel von den inhabergef\u00fchrten B\u00e4ckereien, Gem\u00fcseh\u00e4ndlern, Metzgereien, lokalen Einzelh\u00e4ndler, Lebensmittelherstellern und Landwirten. Sie alle stellen uns unentgeltlich Sachspenden zur Verf\u00fcgung.<\/p>\n\n\n\n<p>Die Firma\u00a0<a href=\"http:\/\/www.ponten-weber.de\" data-type=\"link\" data-id=\"www.ponten-weber.de\" target=\"_blank\" rel=\"noreferrer noopener\">Ponten &amp; Weber\u00a0InformationsTechnik und Mediendienste GbR <\/a>unterst\u00fctzt uns bei Hosting, Pflege und Betreuung unserer Internetseite.<\/p>\n\n\n\n<p>Bei allen unseren Unterst\u00fctzern bedanken wir uns ganz herzlich!<br>Wenn Sie auch zu unseren Sponsoren geh\u00f6ren und hier namentlich genannt werden wollen,<a href=\"https:\/\/www.toenisvorster-hilfe.de\/?page_id=56\" data-type=\"page\" data-id=\"56\"> dann sprechen Sie uns an<\/a>.<\/p>\n","protected":false},"excerpt":{"rendered":"<p>Die T\u00f6nisvorster Hilfe e.V. wird von vielen T\u00f6nisvorster Unternehmen, wie zum Beispiel von den inhabergef\u00fchrten B\u00e4ckereien, Gem\u00fcseh\u00e4ndlern, Metzgereien, lokalen Einzelh\u00e4ndler, Lebensmittelherstellern und Landwirten. Sie alle stellen uns unentgeltlich Sachspenden zur<\/p>\n","protected":false},"author":1,"featured_media":299,"parent":0,"menu_order":0,"comment_status":"closed","ping_status":"closed","template":"","meta":{"footnotes":""},"class_list":["post-298","page","type-page","status-publish","has-post-thumbnail","hentry"],"_links":{"self":[{"href":"https:\/\/www.toenisvorster-hilfe.de\/index.php?rest_route=\/wp\/v2\/pages\/298","targetHints":{"allow":["GET"]}}],"collection":[{"href":"https:\/\/www.toenisvorster-hilfe.de\/index.php?rest_route=\/wp\/v2\/pages"}],"about":[{"href":"https:\/\/www.toenisvorster-hilfe.de\/index.php?rest_route=\/wp\/v2\/types\/page"}],"author":[{"embeddable":true,"href":"https:\/\/www.toenisvorster-hilfe.de\/index.php?rest_route=\/wp\/v2\/users\/1"}],"replies":[{"embeddable":true,"href":"https:\/\/www.toenisvorster-hilfe.de\/index.php?rest_route=%2Fwp%2Fv2%2Fcomments&post=298"}],"version-history":[{"count":2,"href":"https:\/\/www.toenisvorster-hilfe.de\/index.php?rest_route=\/wp\/v2\/pages\/298\/revisions"}],"predecessor-version":[{"id":457,"href":"https:\/\/www.toenisvorster-hilfe.de\/index.php?rest_route=\/wp\/v2\/pages\/298\/revisions\/457"}],"wp:featuredmedia":[{"embeddable":true,"href":"https:\/\/www.toenisvorster-hilfe.de\/index.php?rest_route=\/wp\/v2\/media\/299"}],"wp:attachment":[{"href":"https:\/\/www.toenisvorster-hilfe.de\/index.php?rest_route=%2Fwp%2Fv2%2Fmedia&parent=298"}],"curies":[{"name":"wp","href":"https:\/\/api.w.org\/{rel}","templated":true}]}}