{"id":53,"date":"2022-06-27T07:21:26","date_gmt":"2022-06-27T07:21:26","guid":{"rendered":"https:\/\/toenisvorster-hilfe.ponten-weber.de\/?page_id=53"},"modified":"2023-08-29T10:58:24","modified_gmt":"2023-08-29T10:58:24","slug":"wie-sie-uns-helfen-koennen","status":"publish","type":"page","link":"https:\/\/www.toenisvorster-hilfe.de\/?page_id=53","title":{"rendered":"Wie Sie uns helfen k\u00f6nnen"},"content":{"rendered":"\n<p>Die Abgabe von Lebensmitteln erfolgt an Bed\u00fcrftige (&#8222;Hartz IV&#8220;-Empf\u00e4nger\/innen, Rentner\/innen mit geringem Einkommen (bis 900,- Euro pro Monat, Empf\u00e4nger von Grundsicherung etc.) gegen Nachweis. Zus\u00e4tzlich ist die Vorlage des Personalausweises erforderlich.<\/p>\n\n\n\n<h4 class=\"wp-block-heading\">Bitte unterst\u00fctzen Sie unsere Arbeit!<\/h4>\n\n\n\n<p>Der Zweck des Vereins ist die F\u00f6rderung des Wohlfahrtswesens. Das wird verwirklicht insbesondere durch Ma\u00dfnahmen und Aktionen f\u00fcr notleidende oder gef\u00e4hrdete Menschen, die wegen wirtschaftlicher Notlage der finanziellen Unterst\u00fctzung oder der Unterst\u00fctzung durch Sachmittel bed\u00fcrfen, oder denen eine der vorstehend beschriebenen Notlage droht. Der Schwerpunkt der T\u00e4tigkeit des Vereins, ist das Sammeln und die Ausgabe von Lebensmitteln des unmittelbaren pers\u00f6nlichen Gebrauchs.<\/p>\n\n\n\n<p class=\"has-text-align-center has-white-color has-accent-background-color has-text-color has-background has-medium-font-size\"><strong>Spendenkonto der T\u00f6nisvorster Hilfe e.V. bei der Sparkasse Krefeld: <\/strong><br><strong>IBAN DE28 3205 0000 0000 0373 74<\/strong><\/p>\n\n\n\n<p>(Bei Beitr\u00e4gen \/ Spenden bis 200,00 Euro ist als Spendennachweis gegen\u00fcber dem Finanzamt eine Kopie Ihres \u00dcberweisungstr\u00e4gers bzw. Kontoauszuges ausreichend.)<\/p>\n\n\n\n<h4 class=\"wp-block-heading\">Werden Sie Mitglied!<\/h4>\n\n\n\n<p>Wir freuen uns \u00fcber jedes Mitglied, wenn Sie uns aktiv unterst\u00fctzen wollen, noch umso mehr. J\u00fcngere, engagierte Helfer sind bei uns herzlich Willkommen!<\/p>\n\n\n\n<div data-wp-interactive=\"core\/file\" class=\"wp-block-file\"><object data-wp-bind--hidden=\"!state.hasPdfPreview\" hidden class=\"wp-block-file__embed\" data=\"https:\/\/www.toenisvorster-hilfe.de\/wp-content\/uploads\/2022\/06\/Aufnahmeantrag-TVH-20.04.2021.pdf\" type=\"application\/pdf\" style=\"width:100%;height:600px\" aria-label=\"Einbettung von Aufnahmeantrag f\u00fcr die Mitgliedschaft bei der T\u00f6nisvorster Hilfe e.V..\"><\/object><a id=\"wp-block-file--media-227bcc61-4839-4874-9cc9-1cc1e33fc508\" href=\"https:\/\/www.toenisvorster-hilfe.de\/wp-content\/uploads\/2022\/06\/Aufnahmeantrag-TVH-20.04.2021.pdf\" target=\"_blank\" rel=\"noreferrer noopener\">Aufnahmeantrag f\u00fcr die Mitgliedschaft bei der T\u00f6nisvorster Hilfe e.V.<\/a><a href=\"https:\/\/www.toenisvorster-hilfe.de\/wp-content\/uploads\/2022\/06\/Aufnahmeantrag-TVH-20.04.2021.pdf\" class=\"wp-block-file__button wp-element-button\" download aria-describedby=\"wp-block-file--media-227bcc61-4839-4874-9cc9-1cc1e33fc508\">Herunterladen<\/a><\/div>\n\n\n\n<h4 class=\"wp-block-heading\">Auszug aus der Satzung<\/h4>\n\n\n\n<p>Der Zweck des Vereins ist die F\u00f6rderung des Wohlfahrtswesens. Das wird verwirklicht insbesondere durch Ma\u00dfnahmen und Aktionen f\u00fcr notleidende oder gef\u00e4hrdete Menschen, die wegen wirtschaftlicher Notlage der finanziellen Unterst\u00fctzung oder der Unterst\u00fctzung durch Sachmittel bed\u00fcrfen, oder denen eine der vorstehend beschriebenen Notlage droht. Der Schwerpunkt der T\u00e4tigkeit des Vereins ist das Sammeln und die Ausgabe von Lebensmitteln des unmittelbaren pers\u00f6nlichen Gebrauchs. (PDF Satzung)<\/p>\n","protected":false},"excerpt":{"rendered":"<p>Die Abgabe von Lebensmitteln erfolgt an Bed\u00fcrftige (&#8222;Hartz IV&#8220;-Empf\u00e4nger\/innen, Rentner\/innen mit geringem Einkommen (bis 900,- Euro pro Monat, Empf\u00e4nger von Grundsicherung etc.) gegen Nachweis. Zus\u00e4tzlich ist die Vorlage des Personalausweises<\/p>\n","protected":false},"author":1,"featured_media":285,"parent":0,"menu_order":0,"comment_status":"closed","ping_status":"closed","template":"","meta":{"footnotes":""},"class_list":["post-53","page","type-page","status-publish","has-post-thumbnail","hentry"],"_links":{"self":[{"href":"https:\/\/www.toenisvorster-hilfe.de\/index.php?rest_route=\/wp\/v2\/pages\/53","targetHints":{"allow":["GET"]}}],"collection":[{"href":"https:\/\/www.toenisvorster-hilfe.de\/index.php?rest_route=\/wp\/v2\/pages"}],"about":[{"href":"https:\/\/www.toenisvorster-hilfe.de\/index.php?rest_route=\/wp\/v2\/types\/page"}],"author":[{"embeddable":true,"href":"https:\/\/www.toenisvorster-hilfe.de\/index.php?rest_route=\/wp\/v2\/users\/1"}],"replies":[{"embeddable":true,"href":"https:\/\/www.toenisvorster-hilfe.de\/index.php?rest_route=%2Fwp%2Fv2%2Fcomments&post=53"}],"version-history":[{"count":7,"href":"https:\/\/www.toenisvorster-hilfe.de\/index.php?rest_route=\/wp\/v2\/pages\/53\/revisions"}],"predecessor-version":[{"id":279,"href":"https:\/\/www.toenisvorster-hilfe.de\/index.php?rest_route=\/wp\/v2\/pages\/53\/revisions\/279"}],"wp:featuredmedia":[{"embeddable":true,"href":"https:\/\/www.toenisvorster-hilfe.de\/index.php?rest_route=\/wp\/v2\/media\/285"}],"wp:attachment":[{"href":"https:\/\/www.toenisvorster-hilfe.de\/index.php?rest_route=%2Fwp%2Fv2%2Fmedia&parent=53"}],"curies":[{"name":"wp","href":"https:\/\/api.w.org\/{rel}","templated":true}]}}