{"id":56,"date":"2022-06-27T07:23:12","date_gmt":"2022-06-27T07:23:12","guid":{"rendered":"https:\/\/toenisvorster-hilfe.ponten-weber.de\/?page_id=56"},"modified":"2024-05-22T11:36:45","modified_gmt":"2024-05-22T11:36:45","slug":"kontakt","status":"publish","type":"page","link":"https:\/\/www.toenisvorster-hilfe.de\/?page_id=56","title":{"rendered":"Kontakt"},"content":{"rendered":"\n<h4 class=\"wp-block-heading\">T\u00f6nisvorster Hilfe e. V.<\/h4>\n\n\n\n<p>Gelderner Stra\u00dfe 73<br>47918 T\u00f6nisvorst<\/p>\n\n\n\n<p>E-Mail-Adresse: <a href=\"mailto:info@toenisvorster-hilfe.de\">info@toenisvorster-hilfe.de<\/a><\/p>\n\n\n\n<h4 class=\"wp-block-heading\">Ihre Ansprechpartner<\/h4>\n\n\n\n<p>Dr. Hanno Speis, Vorsitzender<br>Heinz Dahmen, Stellvertretender Vorsitzender<\/p>\n\n\n\n<h4 class=\"wp-block-heading\">Nutzen Sie unser Kontaktformular<\/h4>\n\n\n<div class=\"wpforms-container wpforms-container-full wpforms-block wpforms-block-512734b0-caa4-4d2a-a6d1-d7af3d3120ba wpforms-render-modern\" id=\"wpforms-399\"><form id=\"wpforms-form-399\" class=\"wpforms-validate wpforms-form wpforms-ajax-form\" data-formid=\"399\" method=\"post\" enctype=\"multipart\/form-data\" action=\"\/index.php?rest_route=%2Fwp%2Fv2%2Fpages%2F56\" data-token=\"1e6b86c9afab26122da1bbacb77f3876\" data-token-time=\"1777384304\"><noscript class=\"wpforms-error-noscript\">Bitte aktiviere JavaScript in deinem Browser, um dieses Formular fertigzustellen.<\/noscript><div id=\"wpforms-error-noscript\" style=\"display: none;\">Bitte aktiviere JavaScript in deinem Browser, um dieses Formular fertigzustellen.<\/div><div class=\"wpforms-field-container\"><div id=\"wpforms-399-field_4-container\" class=\"wpforms-field wpforms-field-select wpforms-field-select-style-classic\" data-field-id=\"4\"><label class=\"wpforms-field-label\" for=\"wpforms-399-field_4\">Anrede <span class=\"wpforms-required-label\" aria-hidden=\"true\">*<\/span><\/label><select id=\"wpforms-399-field_4\" class=\"wpforms-field-small wpforms-field-required\" name=\"wpforms[fields][4]\" required=\"required\"><option value=\"Frau\"  class=\"choice-1 depth-1\"  >Frau<\/option><option value=\"Herr\"  class=\"choice-2 depth-1\"  >Herr<\/option><option value=\"unbestimmt\/ divers\"  class=\"choice-3 depth-1\"  >unbestimmt\/ divers<\/option><\/select><div id=\"wpforms-399-field_4-description\" class=\"wpforms-field-description\">Wie d\u00fcrfen wir Sie ansprechen?<\/div><\/div><div id=\"wpforms-399-field_0-container\" class=\"wpforms-field wpforms-field-name\" data-field-id=\"0\"><fieldset><legend class=\"wpforms-field-label\">Ihr Name <span class=\"wpforms-required-label\" aria-hidden=\"true\">*<\/span><\/legend><div class=\"wpforms-field-row wpforms-field-medium\"><div class=\"wpforms-field-row-block wpforms-first wpforms-one-half\"><input type=\"text\" id=\"wpforms-399-field_0\" class=\"wpforms-field-name-first wpforms-field-required\" name=\"wpforms[fields][0][first]\" aria-errormessage=\"wpforms-399-field_0-error\" required><label for=\"wpforms-399-field_0\" class=\"wpforms-field-sublabel after\">Vorname<\/label><\/div><div class=\"wpforms-field-row-block wpforms-one-half\"><input type=\"text\" id=\"wpforms-399-field_0-last\" class=\"wpforms-field-name-last wpforms-field-required\" name=\"wpforms[fields][0][last]\" aria-errormessage=\"wpforms-399-field_0-last-error\" required><label for=\"wpforms-399-field_0-last\" class=\"wpforms-field-sublabel after\">Nachname<\/label><\/div><\/div><\/fieldset><\/div><div id=\"wpforms-399-field_1-container\" class=\"wpforms-field wpforms-field-email\" data-field-id=\"1\"><fieldset><legend class=\"wpforms-field-label\">Ihre E-Mail-Adresse <span class=\"wpforms-required-label\" aria-hidden=\"true\">*<\/span><\/legend><div class=\"wpforms-field-row wpforms-field-medium\"><div class=\"wpforms-field-row-block wpforms-one-half wpforms-first\"><input type=\"email\" id=\"wpforms-399-field_1\" class=\"wpforms-field-required wpforms-field-email-primary\" name=\"wpforms[fields][1][primary]\" spellcheck=\"false\" aria-errormessage=\"wpforms-399-field_1-error\" required><label for=\"wpforms-399-field_1\" class=\"wpforms-field-sublabel after\">E-Mail-Adresse<\/label><\/div><div class=\"wpforms-field-row-block wpforms-one-half\"><input type=\"email\" id=\"wpforms-399-field_1-secondary\" class=\"wpforms-field-email-secondary wpforms-field-required\" data-rule-confirm=\"#wpforms-399-field_1\" name=\"wpforms[fields][1][secondary]\" spellcheck=\"false\" aria-errormessage=\"wpforms-399-field_1-secondary-error\" required><label for=\"wpforms-399-field_1-secondary\" class=\"wpforms-field-sublabel after\">E-Mail best\u00e4tigen<\/label><\/div><\/div><\/fieldset><\/div><div id=\"wpforms-399-field_5-container\" class=\"wpforms-field wpforms-field-number\" data-field-id=\"5\"><label class=\"wpforms-field-label\" for=\"wpforms-399-field_5\">Ihre Telefonnummer<\/label><input type=\"number\" id=\"wpforms-399-field_5\" class=\"wpforms-field-small\" name=\"wpforms[fields][5]\" placeholder=\"01234 567890\" step=\"any\" aria-errormessage=\"wpforms-399-field_5-error\" aria-describedby=\"wpforms-399-field_5-description\" ><div id=\"wpforms-399-field_5-description\" class=\"wpforms-field-description\">Telefonnummer<\/div><\/div><div id=\"wpforms-399-field_6-container\" class=\"wpforms-field wpforms-field-select wpforms-field-select-style-classic\" data-field-id=\"6\"><label class=\"wpforms-field-label\" for=\"wpforms-399-field_6\">Worum geht es? <span class=\"wpforms-required-label\" aria-hidden=\"true\">*<\/span><\/label><select id=\"wpforms-399-field_6\" class=\"wpforms-field-medium wpforms-field-required\" name=\"wpforms[fields][6]\" required=\"required\"><option value=\"Allgemeine Anfrage\"  class=\"choice-1 depth-1\"  >Allgemeine Anfrage<\/option><option value=\"Ich m\u00f6chte Helfer werden\"  class=\"choice-2 depth-1\"  >Ich m\u00f6chte Helfer werden<\/option><option value=\"Ich ben\u00f6tige Hilfe\"  class=\"choice-3 depth-1\"  >Ich ben\u00f6tige Hilfe<\/option><\/select><\/div><div id=\"wpforms-399-field_2-container\" class=\"wpforms-field wpforms-field-textarea\" data-field-id=\"2\"><label class=\"wpforms-field-label\" for=\"wpforms-399-field_2\">Ihre Nachricht an uns <span class=\"wpforms-required-label\" aria-hidden=\"true\">*<\/span><\/label><textarea id=\"wpforms-399-field_2\" class=\"wpforms-field-medium wpforms-field-required wpforms-limit-characters-enabled\" data-form-id=\"399\" data-field-id=\"2\" data-text-limit=\"1000\" name=\"wpforms[fields][2]\" aria-errormessage=\"wpforms-399-field_2-error\" maxlength=\"1000\" required><\/textarea><\/div><\/div><!-- .wpforms-field-container --><div class=\"wpforms-recaptcha-container wpforms-is-recaptcha wpforms-is-recaptcha-type-invisible\" ><div class=\"g-recaptcha\" data-sitekey=\"6Lc2weQpAAAAAOWMQzHcTzrLQHfNS6fNn3FpZ6gp\" data-size=\"invisible\"><\/div><\/div><div class=\"wpforms-submit-container\" ><input type=\"hidden\" name=\"wpforms[id]\" value=\"399\"><input type=\"hidden\" name=\"page_title\" value=\"\"><input type=\"hidden\" name=\"page_url\" value=\"https:\/\/www.toenisvorster-hilfe.de\/index.php?rest_route=\/wp\/v2\/pages\/56\"><input type=\"hidden\" name=\"url_referer\" value=\"\"><button type=\"submit\" name=\"wpforms[submit]\" id=\"wpforms-submit-399\" class=\"wpforms-submit\" data-alt-text=\"Wird gesendet\u00a0\u2026\" data-submit-text=\"Absenden\" aria-live=\"assertive\" value=\"wpforms-submit\">Absenden<\/button><img loading=\"lazy\" decoding=\"async\" src=\"https:\/\/www.toenisvorster-hilfe.de\/wp-content\/plugins\/wpforms-lite\/assets\/images\/submit-spin.svg\" class=\"wpforms-submit-spinner\" style=\"display: none;\" width=\"26\" height=\"26\" alt=\"Wird geladen\"><\/div><\/form><\/div>  <!-- .wpforms-container -->\n\n\n<p>Mit dem Absenden des Formulars sind Sie damit einverstanden, dass Ihre Daten gem\u00e4\u00df unserer <a href=\"https:\/\/www.toenisvorster-hilfe.de\/?page_id=18\" data-type=\"page\" data-id=\"18\">Datenschutzerkl\u00e4rung<\/a> verarbeitet werden, um Ihnen antworten zu k\u00f6nnen.<\/p>\n","protected":false},"excerpt":{"rendered":"<p>T\u00f6nisvorster Hilfe e. V. Gelderner Stra\u00dfe 7347918 T\u00f6nisvorst E-Mail-Adresse: info@toenisvorster-hilfe.de Ihre Ansprechpartner Dr. Hanno Speis, VorsitzenderHeinz Dahmen, Stellvertretender Vorsitzender Nutzen Sie unser Kontaktformular Mit dem Absenden des Formulars sind Sie<\/p>\n","protected":false},"author":1,"featured_media":419,"parent":0,"menu_order":0,"comment_status":"closed","ping_status":"closed","template":"","meta":{"footnotes":""},"class_list":["post-56","page","type-page","status-publish","has-post-thumbnail","hentry"],"_links":{"self":[{"href":"https:\/\/www.toenisvorster-hilfe.de\/index.php?rest_route=\/wp\/v2\/pages\/56","targetHints":{"allow":["GET"]}}],"collection":[{"href":"https:\/\/www.toenisvorster-hilfe.de\/index.php?rest_route=\/wp\/v2\/pages"}],"about":[{"href":"https:\/\/www.toenisvorster-hilfe.de\/index.php?rest_route=\/wp\/v2\/types\/page"}],"author":[{"embeddable":true,"href":"https:\/\/www.toenisvorster-hilfe.de\/index.php?rest_route=\/wp\/v2\/users\/1"}],"replies":[{"embeddable":true,"href":"https:\/\/www.toenisvorster-hilfe.de\/index.php?rest_route=%2Fwp%2Fv2%2Fcomments&post=56"}],"version-history":[{"count":7,"href":"https:\/\/www.toenisvorster-hilfe.de\/index.php?rest_route=\/wp\/v2\/pages\/56\/revisions"}],"predecessor-version":[{"id":461,"href":"https:\/\/www.toenisvorster-hilfe.de\/index.php?rest_route=\/wp\/v2\/pages\/56\/revisions\/461"}],"wp:featuredmedia":[{"embeddable":true,"href":"https:\/\/www.toenisvorster-hilfe.de\/index.php?rest_route=\/wp\/v2\/media\/419"}],"wp:attachment":[{"href":"https:\/\/www.toenisvorster-hilfe.de\/index.php?rest_route=%2Fwp%2Fv2%2Fmedia&parent=56"}],"curies":[{"name":"wp","href":"https:\/\/api.w.org\/{rel}","templated":true}]}}