{"id":69,"date":"2022-06-27T08:07:40","date_gmt":"2022-06-27T08:07:40","guid":{"rendered":"https:\/\/toenisvorster-hilfe.ponten-weber.de\/?page_id=69"},"modified":"2025-10-16T12:06:14","modified_gmt":"2025-10-16T12:06:14","slug":"unsere-helfer-teams","status":"publish","type":"page","link":"https:\/\/www.toenisvorster-hilfe.de\/?page_id=69","title":{"rendered":"Ehrenamtliche Helfer"},"content":{"rendered":"\n<p>\u201eJeder hilft, wie er kann\u201c. Nach diesem Motto engagieren sich bereits viele B\u00fcrgerinnen und B\u00fcrger ehrenamtlich, indem sie sich in ihrer Freizeit f\u00fcr die gute Idee der T\u00f6nisvorster Hilfe e.V. bet\u00e4tigen. <\/p>\n\n\n\n<p>Als Fahrer (F\u00fchrerschein Klasse III\/B) oder Mitfahrer auf unserem Transporter um die Ware bei den Landwirten oder dem \u00f6rtlichen Einzelhandel abzuholen oder als Helfer\/innen in der Aufbereitung und Ausgabe der Lebensmittel. <\/p>\n\n\n\n<p>Auch k\u00f6nnen Sie bei unserem Dokumentationsteam mitarbeiten.<\/p>\n\n\n\n<p>Wenn auch Sie gern zusammen mit Gleichgesinnten f\u00fcr einen guten Zweck t\u00e4tig sein wollen, <a href=\"https:\/\/www.toenisvorster-hilfe.de\/?page_id=56\" data-type=\"page\" data-id=\"56\">melden Sie sich bei der T\u00f6nisvorster Hilfe e.V.<\/a><\/p>\n\n\n\n<p>Zur Zeit arbeiten ca. 60 Helfer\/innen bei uns mit. Die Arbeit erfolgt in Teams. Durch einen abgesprochenen Einsatzplan ist der Zeitaufwand sehr gut planbar.<\/p>\n\n\n\n<p>F\u00fcr die 14-t\u00e4gliche Lebensmittelausgabe wurden aus der Vielzahl der Helfer verschiedene Teams gebildet. So ist zum Beispiel ein Logistikteam notwendig geworden um kontinuierlich Lebensmittel einsammeln zu k\u00f6nnen und die eingegangenen Lebensmittel zur Ausgabe bereit zu stellen. Die Ausgabe der Lebensmittel wie auch die Dokumentation erfolgt jeweils in drei Teams.<\/p>\n\n\n\n<p>Das Logistikteam (ca. 10 Personen) ist jede Woche dienstags und mittwochs im Einsatz und holt Lebensmittel bei Spendern (z.B. lokaler Einzelhandel, Landwirte, inhabergef\u00fchrte B\u00e4ckereien und Metzger) ab. Eine gute k\u00f6rperliche Fitness ist erforderlich, um das Be- und Entladen des Transporters vornehmen zu k\u00f6nnen.<\/p>\n\n\n\n<p>Die Ausgabe der Lebensmittel wird durch drei Ausgabeteams durchgef\u00fchrt, die abwechselnd zum Einsatz kommen (jedes Team einmal alle 6 Wochen). Die Teamleitungen sowie deren Vertretungen sind Ansprechpartner bei Fragen und Problemen w\u00e4hrend der Ausgabe. An den Ausgabetagen arbeiten wir zum Beispiel von ca. 8:30 bis ca. 14:00 Uhr.<\/p>\n\n\n\n<p>F\u00fcr die Registrierung der Kunden am Dienstag vor der Ausgabe wie auch f\u00fcr die Erfassung der Kunden, die am Mittwoch dem Ausgabetag Lebensmittel erhalten, ist ein Dokumentationsteam (Doku-Team) verantwortlich. Es besteht aus zur Zeit 4 Personen, die abwechselnd zum Einsatz kommen.<\/p>\n\n\n\n<p>F\u00fcr die Eingangsregelung und zur \u00dcbersetzung stehen aktive Helfer aus den eigenen Reihen zur Verf\u00fcgung.<\/p>\n\n\n\n<p>Wenn Sie mitmachen m\u00f6chten, dann <a href=\"https:\/\/www.toenisvorster-hilfe.de\/?page_id=56\" data-type=\"page\" data-id=\"56\">nehmen Sie bitte Kontakt zu uns auf<\/a>. Wir freuen uns auf Sie!<\/p>\n\n\n\n<p>\u201e<\/p>\n\n\n\n<p><\/p>\n","protected":false},"excerpt":{"rendered":"<p>\u201eJeder hilft, wie er kann\u201c. Nach diesem Motto engagieren sich bereits viele B\u00fcrgerinnen und B\u00fcrger ehrenamtlich, indem sie sich in ihrer Freizeit f\u00fcr die gute Idee der T\u00f6nisvorster Hilfe e.V.<\/p>\n","protected":false},"author":1,"featured_media":294,"parent":0,"menu_order":0,"comment_status":"closed","ping_status":"closed","template":"","meta":{"footnotes":""},"class_list":["post-69","page","type-page","status-publish","has-post-thumbnail","hentry"],"_links":{"self":[{"href":"https:\/\/www.toenisvorster-hilfe.de\/index.php?rest_route=\/wp\/v2\/pages\/69","targetHints":{"allow":["GET"]}}],"collection":[{"href":"https:\/\/www.toenisvorster-hilfe.de\/index.php?rest_route=\/wp\/v2\/pages"}],"about":[{"href":"https:\/\/www.toenisvorster-hilfe.de\/index.php?rest_route=\/wp\/v2\/types\/page"}],"author":[{"embeddable":true,"href":"https:\/\/www.toenisvorster-hilfe.de\/index.php?rest_route=\/wp\/v2\/users\/1"}],"replies":[{"embeddable":true,"href":"https:\/\/www.toenisvorster-hilfe.de\/index.php?rest_route=%2Fwp%2Fv2%2Fcomments&post=69"}],"version-history":[{"count":8,"href":"https:\/\/www.toenisvorster-hilfe.de\/index.php?rest_route=\/wp\/v2\/pages\/69\/revisions"}],"predecessor-version":[{"id":573,"href":"https:\/\/www.toenisvorster-hilfe.de\/index.php?rest_route=\/wp\/v2\/pages\/69\/revisions\/573"}],"wp:featuredmedia":[{"embeddable":true,"href":"https:\/\/www.toenisvorster-hilfe.de\/index.php?rest_route=\/wp\/v2\/media\/294"}],"wp:attachment":[{"href":"https:\/\/www.toenisvorster-hilfe.de\/index.php?rest_route=%2Fwp%2Fv2%2Fmedia&parent=69"}],"curies":[{"name":"wp","href":"https:\/\/api.w.org\/{rel}","templated":true}]}}